{"id":38,"date":"2021-05-06T18:41:34","date_gmt":"2021-05-06T22:41:34","guid":{"rendered":"https:\/\/labcompctcptl.ufms.br\/?page_id=38"},"modified":"2021-05-21T17:19:10","modified_gmt":"2021-05-21T21:19:10","slug":"premios","status":"publish","type":"page","link":"https:\/\/labcompctcptl.ufms.br\/en\/premios\/","title":{"rendered":"Pr\u00eamios"},"content":{"rendered":"<h2>2020<\/h2>\n<hr \/>\n<p><b>2\u00ba Lugar na Classifica\u00e7\u00e3o de Melhores artigos de Estudantes de Gradua\u00e7\u00e3o no 16\u00ba Encontro Nacional de Intelig\u00eancia Artificial e Computacional (ENIAC 2020), Brazilian Conference on Intelligent Systems.<\/b><\/p>\n<ul>\n<li><b>Membro<\/b><span style=\"font-weight: 400\">: Rafael Geraldeli Rossi.<\/span><\/li>\n<\/ul>\n<p>&nbsp;<\/p>\n<h2>2019<\/h2>\n<hr \/>\n<p><b>4\u00ba Colocado no MercadoLivre Data Challenge 2019, Mercado Livre .<\/b><\/p>\n<ul>\n<li><b>Membro<\/b><span style=\"font-weight: 400\">: Ricardo Marcondes Marcacini.<\/span><\/li>\n<\/ul>\n<p>&nbsp;<\/p>\n<p><b>Best Paper Undergrad Track Award, XVI Encontro Nacional de Intelig\u00eancia Artificial e Computacional.<\/b><\/p>\n<ul>\n<li><b>Membro<\/b><span style=\"font-weight: 400\">: Rafael Geraldeli Rossi.<\/span><\/li>\n<\/ul>\n<p>&nbsp;<\/p>\n<p><b>Trabalho Premiado na Categoria &#8220;PIBIC\/PIBIC-AF\/PIBITI\/PIVIC &#8211; Ci\u00eancias Exatas e da Terra&#8221;, no evento INTEGRA-UFMS, Universidade Federal do Mato Grosso do Sul.<\/b><\/p>\n<ul>\n<li><b>Membro<\/b><span style=\"font-weight: 400\">: Rafael Geraldeli Rossi e Jos\u00e9 Vitor Gualdi dos Santos.<\/span><\/li>\n<\/ul>\n<p>&nbsp;<\/p>\n<h2>2018<\/h2>\n<hr \/>\n<p><b>Aplicabilidade na Pesquisa e Atividade Cient\u00edfica (Websensors Ad-Hoc), CNPq &#8211; Centro de Gest\u00e3o e Estudos Estrat\u00e9gicos.<\/b><\/p>\n<ul>\n<li><b>Membro<\/b><span style=\"font-weight: 400\">: Ricardo Marcondes Marcacini e Vitor Mesaque Alves de Lima.<\/span><\/li>\n<li><b>Link para Mat\u00e9ria<\/b><span style=\"font-weight: 400\">: <\/span><a href=\"https:\/\/www.ufms.br\/pesquisa-de-inteligencia-analitica-desenvolvida-na-ufms-e-premiada-no-expolattes-cnpq-cgee\/\">https:\/\/www.ufms.br\/pesquisa-de-inteligencia-analitica-desenvolvida-na-ufms-e-premiada-no-expolattes-cnpq-cgee\/<\/a><\/li>\n<\/ul>\n<p>&nbsp;<\/p>\n<p><b>2\u00ba Lugar no Pr\u00eamio no Edital Inova\u00e7\u00e3o &#8211; Websensors EAD &#8211; Diretoria de Educa\u00e7\u00e3o a Dist\u00e2ncia da CAPES, DED.<\/b><\/p>\n<ul>\n<li><b>Membro<\/b><span style=\"font-weight: 400\">: Ricardo Marcondes Marcacini.<\/span><\/li>\n<li><b>Link para Mat\u00e9ria<\/b><span style=\"font-weight: 400\">: <a href=\"https:\/\/www.ufms.br\/capes-premia-projeto-desenvolvido-pela-ufms\/\">https:\/\/www.ufms.br\/capes-premia-projeto-desenvolvido-pela-ufms\/<\/a><\/span><\/li>\n<\/ul>\n<p>&nbsp;<\/p>\n<p><b>Melhor Artigo (Men\u00e7\u00e3o Honrosa) &#8211; XXIV Simp\u00f3sio Brasileiro de Sistemas e Multim\u00eddia e Web (WebMedia 2018), Sociedade Brasileira de Computa\u00e7\u00e3o &#8211; SBC.<\/b><\/p>\n<ul>\n<li><b>Membro<\/b><span style=\"font-weight: 400\">: Rodrigo Mitsuo Kishi.<\/span><\/li>\n<\/ul>\n<p>&nbsp;<\/p>\n<h2>2015<\/h2>\n<hr \/>\n<p><b>Pr\u00eamio InovaAPPS 2015 &#8211; Concurso de Inova\u00e7\u00e3o Tecnol\u00f3gica, Minist\u00e9rio das Comunica\u00e7\u00f5es.<\/b><\/p>\n<ul>\n<li><b>Membro<\/b><span style=\"font-weight: 400\">: Ricardo Marcondes Marcacini e Vitor Mesaque Alves de Lima.<\/span><\/li>\n<\/ul>\n<p>&nbsp;<\/p>\n<p><b>1\u00ba Lugar Categoria Pesquisa-Gradua\u00e7\u00e3o, EMBRAPA-CNPTIA &#8211; XI Mostra de Trabalhos da Embrapa Inform\u00e1tica Agropecu\u00e1ria.<\/b><\/p>\n<ul>\n<li style=\"font-weight: 400\"><b>Membro<\/b><span style=\"font-weight: 400\">: Ricardo Marcondes Marcacini e Lucas Santiago.<\/span><\/li>\n<\/ul>\n<p>&nbsp;<\/p>\n<p><b>Destaques SIICUSP 2015 &#8211; ICMC, USP (Trabalho &#8220;INCORPORANDO WEBSENSORS EM SISTEMAS DE RECOMENDA\u00c7\u00c3O DE CONSULTORES AD-HOC&#8221;).<\/b><\/p>\n<ul>\n<li><b>Membro<\/b><span style=\"font-weight: 400\">: Ricardo Marcondes Marcacini.<\/span><\/li>\n<\/ul>\n<p>&nbsp;<\/p>\n<p>&nbsp;<\/p>\n<p>&nbsp;<\/p>\n<p>&nbsp;<\/p>\n","protected":false},"excerpt":{"rendered":"<p>2020 2\u00ba Lugar na Classifica\u00e7\u00e3o de Melhores artigos de Estudantes de Gradua\u00e7\u00e3o no 16\u00ba Encontro Nacional de Intelig\u00eancia Artificial e Computacional (ENIAC 2020), Brazilian Conference on Intelligent Systems. Membro: Rafael Geraldeli Rossi. &nbsp; 2019 4\u00ba Colocado no MercadoLivre Data Challenge 2019, Mercado Livre . Membro: Ricardo Marcondes Marcacini. &nbsp; Best Paper Undergrad Track Award, XVI [&hellip;]<\/p>\n","protected":false},"author":12330,"featured_media":0,"parent":0,"menu_order":0,"comment_status":"closed","ping_status":"closed","template":"","meta":{"footnotes":""},"coauthors":[],"class_list":["post-38","page","type-page","status-publish","hentry"],"_links":{"self":[{"href":"https:\/\/labcompctcptl.ufms.br\/en\/wp-json\/wp\/v2\/pages\/38","targetHints":{"allow":["GET"]}}],"collection":[{"href":"https:\/\/labcompctcptl.ufms.br\/en\/wp-json\/wp\/v2\/pages"}],"about":[{"href":"https:\/\/labcompctcptl.ufms.br\/en\/wp-json\/wp\/v2\/types\/page"}],"author":[{"embeddable":true,"href":"https:\/\/labcompctcptl.ufms.br\/en\/wp-json\/wp\/v2\/users\/12330"}],"replies":[{"embeddable":true,"href":"https:\/\/labcompctcptl.ufms.br\/en\/wp-json\/wp\/v2\/comments?post=38"}],"version-history":[{"count":6,"href":"https:\/\/labcompctcptl.ufms.br\/en\/wp-json\/wp\/v2\/pages\/38\/revisions"}],"predecessor-version":[{"id":63,"href":"https:\/\/labcompctcptl.ufms.br\/en\/wp-json\/wp\/v2\/pages\/38\/revisions\/63"}],"wp:attachment":[{"href":"https:\/\/labcompctcptl.ufms.br\/en\/wp-json\/wp\/v2\/media?parent=38"}],"wp:term":[{"taxonomy":"author","embeddable":true,"href":"https:\/\/labcompctcptl.ufms.br\/en\/wp-json\/wp\/v2\/coauthors?post=38"}],"curies":[{"name":"wp","href":"https:\/\/api.w.org\/{rel}","templated":true}]}}